{"id":5,"date":"2024-06-19T17:02:59","date_gmt":"2024-06-19T15:02:59","guid":{"rendered":"https:\/\/villaforma.local\/?page_id=5"},"modified":"2026-04-09T14:37:15","modified_gmt":"2026-04-09T12:37:15","slug":"strona-glowna","status":"publish","type":"page","link":"https:\/\/villaforma.pl\/reklama\/","title":{"rendered":"Strona g\u0142\u00f3wna"},"content":{"rendered":"","protected":false},"excerpt":{"rendered":"","protected":false},"author":1,"featured_media":0,"parent":0,"menu_order":0,"comment_status":"closed","ping_status":"closed","template":"template-builder.php","meta":[],"class_list":["post-5","page","type-page","status-publish","hentry"],"yoast_head":"<!-- This site is optimized with the Yoast SEO plugin v27.6 - https:\/\/yoast.com\/product\/yoast-seo-wordpress\/ -->\n<title>Strona g\u0142\u00f3wna - Villa Forma<\/title>\n<meta name=\"description\" content=\"Villa Forma to ekskluzywny projekt 6 wolnostoj\u0105cych willi na przestronnych dzia\u0142kach o powierzchni od 1120 m\u00b2 do 1580 m\u00b2.\" \/>\n<meta name=\"robots\" content=\"index, follow, max-snippet:-1, max-image-preview:large, max-video-preview:-1\" \/>\n<link rel=\"canonical\" href=\"https:\/\/villaforma.pl\/reklama\/\" \/>\n<meta property=\"og:locale\" content=\"pl_PL\" \/>\n<meta property=\"og:type\" content=\"article\" \/>\n<meta property=\"og:title\" content=\"Strona g\u0142\u00f3wna - Villa Forma\" \/>\n<meta property=\"og:description\" content=\"Villa Forma to ekskluzywny projekt 6 wolnostoj\u0105cych willi na przestronnych dzia\u0142kach o powierzchni od 1120 m\u00b2 do 1580 m\u00b2.\" \/>\n<meta property=\"og:url\" content=\"https:\/\/villaforma.pl\/reklama\/\" \/>\n<meta property=\"og:site_name\" content=\"Villa Forma\" \/>\n<meta property=\"article:modified_time\" content=\"2026-04-09T12:37:15+00:00\" \/>\n<meta name=\"twitter:card\" content=\"summary_large_image\" \/>\n<meta name=\"twitter:label1\" content=\"Szacowany czas czytania\" \/>\n\t<meta name=\"twitter:data1\" content=\"4 minuty\" \/>\n<script type=\"application\/ld+json\" class=\"yoast-schema-graph\">{\"@context\":\"https:\\\/\\\/schema.org\",\"@graph\":[{\"@type\":\"WebPage\",\"@id\":\"https:\\\/\\\/villaforma.pl\\\/reklama\\\/\",\"url\":\"https:\\\/\\\/villaforma.pl\\\/reklama\\\/\",\"name\":\"Strona g\u0142\u00f3wna - Villa Forma\",\"isPartOf\":{\"@id\":\"https:\\\/\\\/villaforma.pl\\\/reklama\\\/#website\"},\"datePublished\":\"2024-06-19T15:02:59+00:00\",\"dateModified\":\"2026-04-09T12:37:15+00:00\",\"description\":\"Villa Forma to ekskluzywny projekt 6 wolnostoj\u0105cych willi na przestronnych dzia\u0142kach o powierzchni od 1120 m\u00b2 do 1580 m\u00b2.\",\"breadcrumb\":{\"@id\":\"https:\\\/\\\/villaforma.pl\\\/reklama\\\/#breadcrumb\"},\"inLanguage\":\"pl-PL\",\"potentialAction\":[{\"@type\":\"ReadAction\",\"target\":[\"https:\\\/\\\/villaforma.pl\\\/reklama\\\/\"]}]},{\"@type\":\"BreadcrumbList\",\"@id\":\"https:\\\/\\\/villaforma.pl\\\/reklama\\\/#breadcrumb\",\"itemListElement\":[{\"@type\":\"ListItem\",\"position\":1,\"name\":\"Strona g\u0142\u00f3wna\",\"item\":\"https:\\\/\\\/villaforma.pl\\\/reklama\\\/\"},{\"@type\":\"ListItem\",\"position\":2,\"name\":\"Strona g\u0142\u00f3wna\"}]},{\"@type\":\"WebSite\",\"@id\":\"https:\\\/\\\/villaforma.pl\\\/reklama\\\/#website\",\"url\":\"https:\\\/\\\/villaforma.pl\\\/reklama\\\/\",\"name\":\"Villa Forma - nowe osiedle 6 dom\u00f3w na Wilanowie\",\"description\":\"\",\"publisher\":{\"@id\":\"https:\\\/\\\/villaforma.pl\\\/reklama\\\/#organization\"},\"potentialAction\":[{\"@type\":\"SearchAction\",\"target\":{\"@type\":\"EntryPoint\",\"urlTemplate\":\"https:\\\/\\\/villaforma.pl\\\/reklama\\\/?s={search_term_string}\"},\"query-input\":{\"@type\":\"PropertyValueSpecification\",\"valueRequired\":true,\"valueName\":\"search_term_string\"}}],\"inLanguage\":\"pl-PL\"},{\"@type\":\"Organization\",\"@id\":\"https:\\\/\\\/villaforma.pl\\\/reklama\\\/#organization\",\"name\":\"Villa Forma\",\"url\":\"https:\\\/\\\/villaforma.pl\\\/reklama\\\/\",\"logo\":{\"@type\":\"ImageObject\",\"inLanguage\":\"pl-PL\",\"@id\":\"https:\\\/\\\/villaforma.pl\\\/reklama\\\/#\\\/schema\\\/logo\\\/image\\\/\",\"url\":\"https:\\\/\\\/villaforma.pl\\\/reklama\\\/wp-content\\\/uploads\\\/2024\\\/12\\\/villa-forma-01.jpg\",\"contentUrl\":\"https:\\\/\\\/villaforma.pl\\\/reklama\\\/wp-content\\\/uploads\\\/2024\\\/12\\\/villa-forma-01.jpg\",\"width\":2560,\"height\":2258,\"caption\":\"Villa Forma\"},\"image\":{\"@id\":\"https:\\\/\\\/villaforma.pl\\\/reklama\\\/#\\\/schema\\\/logo\\\/image\\\/\"}}]}<\/script>\n<!-- \/ Yoast SEO plugin. -->","yoast_head_json":{"title":"Strona g\u0142\u00f3wna - Villa Forma","description":"Villa Forma to ekskluzywny projekt 6 wolnostoj\u0105cych willi na przestronnych dzia\u0142kach o powierzchni od 1120 m\u00b2 do 1580 m\u00b2.","robots":{"index":"index","follow":"follow","max-snippet":"max-snippet:-1","max-image-preview":"max-image-preview:large","max-video-preview":"max-video-preview:-1"},"canonical":"https:\/\/villaforma.pl\/reklama\/","og_locale":"pl_PL","og_type":"article","og_title":"Strona g\u0142\u00f3wna - Villa Forma","og_description":"Villa Forma to ekskluzywny projekt 6 wolnostoj\u0105cych willi na przestronnych dzia\u0142kach o powierzchni od 1120 m\u00b2 do 1580 m\u00b2.","og_url":"https:\/\/villaforma.pl\/reklama\/","og_site_name":"Villa Forma","article_modified_time":"2026-04-09T12:37:15+00:00","twitter_card":"summary_large_image","twitter_misc":{"Szacowany czas czytania":"4 minuty"},"schema":{"@context":"https:\/\/schema.org","@graph":[{"@type":"WebPage","@id":"https:\/\/villaforma.pl\/reklama\/","url":"https:\/\/villaforma.pl\/reklama\/","name":"Strona g\u0142\u00f3wna - Villa Forma","isPartOf":{"@id":"https:\/\/villaforma.pl\/reklama\/#website"},"datePublished":"2024-06-19T15:02:59+00:00","dateModified":"2026-04-09T12:37:15+00:00","description":"Villa Forma to ekskluzywny projekt 6 wolnostoj\u0105cych willi na przestronnych dzia\u0142kach o powierzchni od 1120 m\u00b2 do 1580 m\u00b2.","breadcrumb":{"@id":"https:\/\/villaforma.pl\/reklama\/#breadcrumb"},"inLanguage":"pl-PL","potentialAction":[{"@type":"ReadAction","target":["https:\/\/villaforma.pl\/reklama\/"]}]},{"@type":"BreadcrumbList","@id":"https:\/\/villaforma.pl\/reklama\/#breadcrumb","itemListElement":[{"@type":"ListItem","position":1,"name":"Strona g\u0142\u00f3wna","item":"https:\/\/villaforma.pl\/reklama\/"},{"@type":"ListItem","position":2,"name":"Strona g\u0142\u00f3wna"}]},{"@type":"WebSite","@id":"https:\/\/villaforma.pl\/reklama\/#website","url":"https:\/\/villaforma.pl\/reklama\/","name":"Villa Forma - nowe osiedle 6 dom\u00f3w na Wilanowie","description":"","publisher":{"@id":"https:\/\/villaforma.pl\/reklama\/#organization"},"potentialAction":[{"@type":"SearchAction","target":{"@type":"EntryPoint","urlTemplate":"https:\/\/villaforma.pl\/reklama\/?s={search_term_string}"},"query-input":{"@type":"PropertyValueSpecification","valueRequired":true,"valueName":"search_term_string"}}],"inLanguage":"pl-PL"},{"@type":"Organization","@id":"https:\/\/villaforma.pl\/reklama\/#organization","name":"Villa Forma","url":"https:\/\/villaforma.pl\/reklama\/","logo":{"@type":"ImageObject","inLanguage":"pl-PL","@id":"https:\/\/villaforma.pl\/reklama\/#\/schema\/logo\/image\/","url":"https:\/\/villaforma.pl\/reklama\/wp-content\/uploads\/2024\/12\/villa-forma-01.jpg","contentUrl":"https:\/\/villaforma.pl\/reklama\/wp-content\/uploads\/2024\/12\/villa-forma-01.jpg","width":2560,"height":2258,"caption":"Villa Forma"},"image":{"@id":"https:\/\/villaforma.pl\/reklama\/#\/schema\/logo\/image\/"}}]}},"_links":{"self":[{"href":"https:\/\/villaforma.pl\/reklama\/wp-json\/wp\/v2\/pages\/5","targetHints":{"allow":["GET"]}}],"collection":[{"href":"https:\/\/villaforma.pl\/reklama\/wp-json\/wp\/v2\/pages"}],"about":[{"href":"https:\/\/villaforma.pl\/reklama\/wp-json\/wp\/v2\/types\/page"}],"author":[{"embeddable":true,"href":"https:\/\/villaforma.pl\/reklama\/wp-json\/wp\/v2\/users\/1"}],"replies":[{"embeddable":true,"href":"https:\/\/villaforma.pl\/reklama\/wp-json\/wp\/v2\/comments?post=5"}],"version-history":[{"count":102,"href":"https:\/\/villaforma.pl\/reklama\/wp-json\/wp\/v2\/pages\/5\/revisions"}],"predecessor-version":[{"id":311,"href":"https:\/\/villaforma.pl\/reklama\/wp-json\/wp\/v2\/pages\/5\/revisions\/311"}],"wp:attachment":[{"href":"https:\/\/villaforma.pl\/reklama\/wp-json\/wp\/v2\/media?parent=5"}],"curies":[{"name":"wp","href":"https:\/\/api.w.org\/{rel}","templated":true}]}}